{"id":124,"date":"2025-03-07T11:02:15","date_gmt":"2025-03-07T11:02:15","guid":{"rendered":"https:\/\/www.lozano-abogados.net\/?page_id=124"},"modified":"2025-03-27T14:48:18","modified_gmt":"2025-03-27T14:48:18","slug":"el-despacho","status":"publish","type":"page","link":"https:\/\/lozano-abogados.es\/en\/el-despacho\/","title":{"rendered":"Clearance"},"content":{"rendered":"<div data-elementor-type=\"wp-page\" data-elementor-id=\"124\" class=\"elementor elementor-124\" data-elementor-post-type=\"page\">\n\t\t\t\t<div class=\"wd-negative-gap elementor-element elementor-element-a287e32 wd-section-stretch e-flex e-con-boxed e-con e-parent\" data-id=\"a287e32\" data-element_type=\"container\" data-e-type=\"container\" data-settings=\"{&quot;background_background&quot;:&quot;classic&quot;}\">\n\t\t\t\t\t<div class=\"e-con-inner\">\n\t\t<div class=\"elementor-element elementor-element-b068134 e-con-full e-flex e-con e-child\" data-id=\"b068134\" data-element_type=\"container\" data-e-type=\"container\">\n\t\t\t\t<div class=\"elementor-element elementor-element-51d0ce8 elementor-widget elementor-widget-wd_text_block\" data-id=\"51d0ce8\" data-element_type=\"widget\" data-e-type=\"widget\" data-widget_type=\"wd_text_block.default\">\n\t\t\t\t<div class=\"elementor-widget-container\">\n\t\t\t\t\t\t\t<div class=\"wd-text-block reset-last-child text-left color-scheme-dark\">\n\t\t\t\n\t\t\t<p><strong>Lozano Abogados es un despacho de Abogados especializado en DERECHO CONCURSAL Y DE SEGUNDA OPORTUNIDAD (Exoneraci\u00f3n del Pasivo Insatisfecho)<\/strong>, habiendo tramitado a lo largo de su trayectoria profesional gran n\u00famero de asuntos en estas materias con el compromiso adquirido de proporcionar al cliente, una r\u00e1pida actuaci\u00f3n y planificaci\u00f3n de la evoluci\u00f3n del asunto encomendado como mejor m\u00e9todo de prevenci\u00f3n de problemas presentes y futuros.<\/p>\n\t\t\t\t\t<\/div>\n\t\t\t\t\t\t<\/div>\n\t\t\t\t<\/div>\n\t\t<div class=\"elementor-element elementor-element-c6ba6e2 e-con-full e-flex e-con e-child\" data-id=\"c6ba6e2\" data-element_type=\"container\" data-e-type=\"container\">\n\t\t\t\t<div class=\"elementor-element elementor-element-8839d7d elementor-widget elementor-widget-wd_infobox\" data-id=\"8839d7d\" data-element_type=\"widget\" data-e-type=\"widget\" data-widget_type=\"wd_infobox.default\">\n\t\t\t\t<div class=\"elementor-widget-container\">\n\t\t\t\t\t\t\t<div class=\"info-box-wrapper\">\n\t\t\t<div class=\"wd-info-box text-center box-icon-align-top box-style-base color-scheme-dark with-animation\">\n\t\t\t\t\t\t\t\t\t<div class=\"box-icon-wrapper  box-with-icon box-icon-with-bg\">\n\t\t\t\t\t\t<div class=\"info-box-icon\">\n\t\t\t\t\t\t\t\t\t\t\t\t\t\t\t<span class=\"info-svg-wrapper info-icon\" style=\"width:50px; height:50px;\"><\/span>\t\t\t\t\t\t\t\t\t\t\t\t\t<\/div>\n\t\t\t\t\t<\/div>\n\t\t\t\t\n\t\t\t\t<div class=\"info-box-content\">\n\t\t\t\t\t\n\t\t\t\t\t\t\t\t\t\t\t<h2\t\t\t\t\t\tclass=\"info-box-title title box-title-style-default wd-fontsize-m\" data-elementor-setting-key=\"title\">\n\t\t\t\t\t\t\t\tCompromiso con la rapidez y planificaci\u00f3n\t\t\t\t\t\t<\/h2>\n\t\t\t\t\t\n\t\t\t\t\t<div class=\"info-box-inner reset-last-child\"data-elementor-setting-key=\"content\"><\/div>\n\n\t\t\t\t\t\t\t\t\t<\/div>\n\n\t\t\t\t\t\t\t<\/div>\n\t\t<\/div>\n\t\t\t\t\t\t<\/div>\n\t\t\t\t<\/div>\n\t\t\t\t<div class=\"elementor-element elementor-element-83984b0 elementor-widget elementor-widget-wd_infobox\" data-id=\"83984b0\" data-element_type=\"widget\" data-e-type=\"widget\" data-widget_type=\"wd_infobox.default\">\n\t\t\t\t<div class=\"elementor-widget-container\">\n\t\t\t\t\t\t\t<div class=\"info-box-wrapper\">\n\t\t\t<div class=\"wd-info-box text-center box-icon-align-top box-style-base color-scheme-dark with-animation\">\n\t\t\t\t\t\t\t\t\t<div class=\"box-icon-wrapper  box-with-icon box-icon-with-bg\">\n\t\t\t\t\t\t<div class=\"info-box-icon\">\n\t\t\t\t\t\t\t\t\t\t\t\t\t\t\t<span class=\"info-svg-wrapper info-icon\" style=\"width:50px; height:50px;\"><\/span>\t\t\t\t\t\t\t\t\t\t\t\t\t<\/div>\n\t\t\t\t\t<\/div>\n\t\t\t\t\n\t\t\t\t<div class=\"info-box-content\">\n\t\t\t\t\t\n\t\t\t\t\t\t\t\t\t\t\t<h2\t\t\t\t\t\tclass=\"info-box-title title box-title-style-default wd-fontsize-m\" data-elementor-setting-key=\"title\">\n\t\t\t\t\t\t\t\tAsesoramiento integral para empresas y particulares\t\t\t\t\t\t<\/h2>\n\t\t\t\t\t\n\t\t\t\t\t<div class=\"info-box-inner reset-last-child\"data-elementor-setting-key=\"content\"><\/div>\n\n\t\t\t\t\t\t\t\t\t<\/div>\n\n\t\t\t\t\t\t\t<\/div>\n\t\t<\/div>\n\t\t\t\t\t\t<\/div>\n\t\t\t\t<\/div>\n\t\t\t\t<\/div>\n\t\t\t\t<div class=\"elementor-element elementor-element-ffee76c elementor-widget elementor-widget-wd_text_block\" data-id=\"ffee76c\" data-element_type=\"widget\" data-e-type=\"widget\" data-widget_type=\"wd_text_block.default\">\n\t\t\t\t<div class=\"elementor-widget-container\">\n\t\t\t\t\t\t\t<div class=\"wd-text-block reset-last-child text-left color-scheme-dark\">\n\t\t\t\n\t\t\t<p>Nuestro principal objetivo es mantener en todo momento la profesionalidad, en la prestaci\u00f3n de servicios jur\u00eddicos, y dar un servicio integral a nuestros clientes, empresas y particulares, de manera que seg\u00fan sea la naturaleza jur\u00eddica de la cuesti\u00f3n sobre la que el cliente precise asesoramiento, va a encontrarse con el profesional adecuado y experto en la materia.<\/p>\n\t\t\t\t\t<\/div>\n\t\t\t\t\t\t<\/div>\n\t\t\t\t<\/div>\n\t\t\t\t<div class=\"elementor-element elementor-element-4cb5190 elementor-blockquote--skin-border elementor-blockquote--button-color-official elementor-widget elementor-widget-blockquote\" data-id=\"4cb5190\" data-element_type=\"widget\" data-e-type=\"widget\" data-widget_type=\"blockquote.default\">\n\t\t\t\t<div class=\"elementor-widget-container\">\n\t\t\t\t\t\t\t<blockquote class=\"elementor-blockquote\">\n\t\t\t<p class=\"elementor-blockquote__content\">\n\t\t\t\t\u2714 En Lozano Abogados, trabajamos para que tu tranquilidad y estabilidad financiera sean una realidad.\t\t\t<\/p>\n\t\t\t\t\t<\/blockquote>\n\t\t\t\t\t\t<\/div>\n\t\t\t\t<\/div>\n\t\t\t\t<\/div>\n\t\t\t\t\t<\/div>\n\t\t\t\t<\/div>\n\t\t\t\t<\/div>","protected":false},"excerpt":{"rendered":"<p>Lozano Abogados es un despacho de Abogados especializado en DERECHO CONCURSAL Y DE SEGUNDA OPORTUNIDAD (Exoneraci\u00f3n del Pasivo Insatisfecho), habiendo<\/p>","protected":false},"author":1,"featured_media":0,"parent":0,"menu_order":0,"comment_status":"closed","ping_status":"closed","template":"","meta":{"footnotes":""},"class_list":["post-124","page","type-page","status-publish","hentry"],"yoast_head":"<!-- This site is optimized with the Yoast SEO plugin v27.4 - https:\/\/yoast.com\/product\/yoast-seo-wordpress\/ -->\n<title>Lozano Abogados - El despacho - Derecho Civil, Mercantil y Concursal<\/title>\n<meta name=\"description\" content=\"Despacho de abogados multidisciplinar en Cartagena. Servicios a empresas y particulares. Especialidad en Derecho Civil, Mercantil y Concursal\" \/>\n<meta name=\"robots\" content=\"index, follow, max-snippet:-1, max-image-preview:large, max-video-preview:-1\" \/>\n<link rel=\"canonical\" href=\"https:\/\/lozano-abogados.es\/en\/el-despacho\/\" \/>\n<meta property=\"og:locale\" content=\"en_GB\" \/>\n<meta property=\"og:type\" content=\"article\" \/>\n<meta property=\"og:title\" content=\"Lozano Abogados - El despacho - Derecho Civil, Mercantil y Concursal\" \/>\n<meta property=\"og:description\" content=\"Despacho de abogados multidisciplinar en Cartagena. Servicios a empresas y particulares. Especialidad en Derecho Civil, Mercantil y Concursal\" \/>\n<meta property=\"og:url\" content=\"https:\/\/lozano-abogados.es\/en\/el-despacho\/\" \/>\n<meta property=\"og:site_name\" content=\"Lozano Abogados\" \/>\n<meta property=\"article:modified_time\" content=\"2025-03-27T14:48:18+00:00\" \/>\n<meta name=\"twitter:card\" content=\"summary_large_image\" \/>\n<meta name=\"twitter:label1\" content=\"Estimated reading time\" \/>\n\t<meta name=\"twitter:data1\" content=\"1 minute\" \/>\n<script type=\"application\/ld+json\" class=\"yoast-schema-graph\">{\"@context\":\"https:\\\/\\\/schema.org\",\"@graph\":[{\"@type\":\"WebPage\",\"@id\":\"https:\\\/\\\/lozano-abogados.es\\\/el-despacho\\\/\",\"url\":\"https:\\\/\\\/lozano-abogados.es\\\/el-despacho\\\/\",\"name\":\"Lozano Abogados - El despacho - Derecho Civil, Mercantil y Concursal\",\"isPartOf\":{\"@id\":\"https:\\\/\\\/lozano-abogados.es\\\/#website\"},\"datePublished\":\"2025-03-07T11:02:15+00:00\",\"dateModified\":\"2025-03-27T14:48:18+00:00\",\"description\":\"Despacho de abogados multidisciplinar en Cartagena. Servicios a empresas y particulares. Especialidad en Derecho Civil, Mercantil y Concursal\",\"breadcrumb\":{\"@id\":\"https:\\\/\\\/lozano-abogados.es\\\/el-despacho\\\/#breadcrumb\"},\"inLanguage\":\"en-GB\",\"potentialAction\":[{\"@type\":\"ReadAction\",\"target\":[\"https:\\\/\\\/lozano-abogados.es\\\/el-despacho\\\/\"]}]},{\"@type\":\"BreadcrumbList\",\"@id\":\"https:\\\/\\\/lozano-abogados.es\\\/el-despacho\\\/#breadcrumb\",\"itemListElement\":[{\"@type\":\"ListItem\",\"position\":1,\"name\":\"Portada\",\"item\":\"https:\\\/\\\/lozano-abogados.es\\\/\"},{\"@type\":\"ListItem\",\"position\":2,\"name\":\"El despacho\"}]},{\"@type\":\"WebSite\",\"@id\":\"https:\\\/\\\/lozano-abogados.es\\\/#website\",\"url\":\"https:\\\/\\\/lozano-abogados.es\\\/\",\"name\":\"Lozanos Abogados\",\"description\":\"Tu despacho de abogados en Cartagena\",\"publisher\":{\"@id\":\"https:\\\/\\\/lozano-abogados.es\\\/#organization\"},\"potentialAction\":[{\"@type\":\"SearchAction\",\"target\":{\"@type\":\"EntryPoint\",\"urlTemplate\":\"https:\\\/\\\/lozano-abogados.es\\\/?s={search_term_string}\"},\"query-input\":{\"@type\":\"PropertyValueSpecification\",\"valueRequired\":true,\"valueName\":\"search_term_string\"}}],\"inLanguage\":\"en-GB\"},{\"@type\":\"Organization\",\"@id\":\"https:\\\/\\\/lozano-abogados.es\\\/#organization\",\"name\":\"Lozanos Abogados\",\"url\":\"https:\\\/\\\/lozano-abogados.es\\\/\",\"logo\":{\"@type\":\"ImageObject\",\"inLanguage\":\"en-GB\",\"@id\":\"https:\\\/\\\/lozano-abogados.es\\\/#\\\/schema\\\/logo\\\/image\\\/\",\"url\":\"https:\\\/\\\/www.lozano-abogados.net\\\/wp-content\\\/uploads\\\/2025\\\/03\\\/logo-lozano-abogados-sin-fondo.png\",\"contentUrl\":\"https:\\\/\\\/www.lozano-abogados.net\\\/wp-content\\\/uploads\\\/2025\\\/03\\\/logo-lozano-abogados-sin-fondo.png\",\"width\":300,\"height\":150,\"caption\":\"Lozanos Abogados\"},\"image\":{\"@id\":\"https:\\\/\\\/lozano-abogados.es\\\/#\\\/schema\\\/logo\\\/image\\\/\"}}]}<\/script>\n<!-- \/ Yoast SEO plugin. -->","yoast_head_json":{"title":"Lozano Abogados - El despacho - Derecho Civil, Mercantil y Concursal","description":"Despacho de abogados multidisciplinar en Cartagena. Servicios a empresas y particulares. Especialidad en Derecho Civil, Mercantil y Concursal","robots":{"index":"index","follow":"follow","max-snippet":"max-snippet:-1","max-image-preview":"max-image-preview:large","max-video-preview":"max-video-preview:-1"},"canonical":"https:\/\/lozano-abogados.es\/en\/el-despacho\/","og_locale":"en_GB","og_type":"article","og_title":"Lozano Abogados - El despacho - Derecho Civil, Mercantil y Concursal","og_description":"Despacho de abogados multidisciplinar en Cartagena. Servicios a empresas y particulares. Especialidad en Derecho Civil, Mercantil y Concursal","og_url":"https:\/\/lozano-abogados.es\/en\/el-despacho\/","og_site_name":"Lozano Abogados","article_modified_time":"2025-03-27T14:48:18+00:00","twitter_card":"summary_large_image","twitter_misc":{"Estimated reading time":"1 minute"},"schema":{"@context":"https:\/\/schema.org","@graph":[{"@type":"WebPage","@id":"https:\/\/lozano-abogados.es\/el-despacho\/","url":"https:\/\/lozano-abogados.es\/el-despacho\/","name":"Lozano Abogados - El despacho - Derecho Civil, Mercantil y Concursal","isPartOf":{"@id":"https:\/\/lozano-abogados.es\/#website"},"datePublished":"2025-03-07T11:02:15+00:00","dateModified":"2025-03-27T14:48:18+00:00","description":"Despacho de abogados multidisciplinar en Cartagena. Servicios a empresas y particulares. Especialidad en Derecho Civil, Mercantil y Concursal","breadcrumb":{"@id":"https:\/\/lozano-abogados.es\/el-despacho\/#breadcrumb"},"inLanguage":"en-GB","potentialAction":[{"@type":"ReadAction","target":["https:\/\/lozano-abogados.es\/el-despacho\/"]}]},{"@type":"BreadcrumbList","@id":"https:\/\/lozano-abogados.es\/el-despacho\/#breadcrumb","itemListElement":[{"@type":"ListItem","position":1,"name":"Portada","item":"https:\/\/lozano-abogados.es\/"},{"@type":"ListItem","position":2,"name":"El despacho"}]},{"@type":"WebSite","@id":"https:\/\/lozano-abogados.es\/#website","url":"https:\/\/lozano-abogados.es\/","name":"Lozanos Abogados","description":"Tu despacho de abogados en Cartagena","publisher":{"@id":"https:\/\/lozano-abogados.es\/#organization"},"potentialAction":[{"@type":"SearchAction","target":{"@type":"EntryPoint","urlTemplate":"https:\/\/lozano-abogados.es\/?s={search_term_string}"},"query-input":{"@type":"PropertyValueSpecification","valueRequired":true,"valueName":"search_term_string"}}],"inLanguage":"en-GB"},{"@type":"Organization","@id":"https:\/\/lozano-abogados.es\/#organization","name":"Lozanos Abogados","url":"https:\/\/lozano-abogados.es\/","logo":{"@type":"ImageObject","inLanguage":"en-GB","@id":"https:\/\/lozano-abogados.es\/#\/schema\/logo\/image\/","url":"https:\/\/www.lozano-abogados.net\/wp-content\/uploads\/2025\/03\/logo-lozano-abogados-sin-fondo.png","contentUrl":"https:\/\/www.lozano-abogados.net\/wp-content\/uploads\/2025\/03\/logo-lozano-abogados-sin-fondo.png","width":300,"height":150,"caption":"Lozanos Abogados"},"image":{"@id":"https:\/\/lozano-abogados.es\/#\/schema\/logo\/image\/"}}]}},"_links":{"self":[{"href":"https:\/\/lozano-abogados.es\/en\/wp-json\/wp\/v2\/pages\/124","targetHints":{"allow":["GET"]}}],"collection":[{"href":"https:\/\/lozano-abogados.es\/en\/wp-json\/wp\/v2\/pages"}],"about":[{"href":"https:\/\/lozano-abogados.es\/en\/wp-json\/wp\/v2\/types\/page"}],"author":[{"embeddable":true,"href":"https:\/\/lozano-abogados.es\/en\/wp-json\/wp\/v2\/users\/1"}],"replies":[{"embeddable":true,"href":"https:\/\/lozano-abogados.es\/en\/wp-json\/wp\/v2\/comments?post=124"}],"version-history":[{"count":25,"href":"https:\/\/lozano-abogados.es\/en\/wp-json\/wp\/v2\/pages\/124\/revisions"}],"predecessor-version":[{"id":424,"href":"https:\/\/lozano-abogados.es\/en\/wp-json\/wp\/v2\/pages\/124\/revisions\/424"}],"wp:attachment":[{"href":"https:\/\/lozano-abogados.es\/en\/wp-json\/wp\/v2\/media?parent=124"}],"curies":[{"name":"wp","href":"https:\/\/api.w.org\/{rel}","templated":true}]}}